{"id":4117,"date":"2024-11-20T13:05:40","date_gmt":"2024-11-20T11:05:40","guid":{"rendered":"https:\/\/it.esedu.fi\/home\/?page_id=4117"},"modified":"2024-12-05T10:40:28","modified_gmt":"2024-12-05T08:40:28","slug":"uusi-tvt-perustutkinto","status":"publish","type":"page","link":"https:\/\/it.esedu.fi\/home\/uusi-tvt-perustutkinto\/","title":{"rendered":"Uusi TVT-perustutkinto"},"content":{"rendered":"\t\t<div data-elementor-type=\"wp-page\" data-elementor-id=\"4117\" class=\"elementor elementor-4117\">\n\t\t\t\t<div class=\"elementor-element elementor-element-6f38105 e-grid e-con-boxed wpr-particle-no wpr-jarallax-no wpr-parallax-no wpr-sticky-section-no e-con e-parent\" data-id=\"6f38105\" data-element_type=\"container\" data-e-type=\"container\">\n\t\t\t\t\t<div class=\"e-con-inner\">\n\t\t<div class=\"elementor-element elementor-element-b974bca e-con-full e-flex wpr-particle-no wpr-jarallax-no wpr-parallax-no wpr-sticky-section-no e-con e-child\" data-id=\"b974bca\" data-element_type=\"container\" data-e-type=\"container\">\n\t\t\t\t<div class=\"elementor-element elementor-element-1f4c7fb elementor-invisible elementor-widget elementor-widget-text-editor\" data-id=\"1f4c7fb\" data-element_type=\"widget\" data-e-type=\"widget\" data-settings=\"{&quot;_animation&quot;:&quot;slideInRight&quot;}\" data-widget_type=\"text-editor.default\">\n\t\t\t\t<div class=\"elementor-widget-container\">\n\t\t\t\t\t\t\t\t\t<p>TVT-PERUSTUTKINTO<\/p>\t\t\t\t\t\t\t\t<\/div>\n\t\t\t\t<\/div>\n\t\t\t\t<\/div>\n\t\t<div class=\"elementor-element elementor-element-df22237 e-con-full e-flex wpr-particle-no wpr-jarallax-no wpr-parallax-no wpr-sticky-section-no e-con e-child\" data-id=\"df22237\" data-element_type=\"container\" data-e-type=\"container\">\n\t\t\t\t<div class=\"elementor-element elementor-element-c8b10b9 elementor-invisible elementor-widget elementor-widget-text-editor\" data-id=\"c8b10b9\" data-element_type=\"widget\" data-e-type=\"widget\" data-settings=\"{&quot;_animation&quot;:&quot;fadeIn&quot;}\" data-widget_type=\"text-editor.default\">\n\t\t\t\t<div class=\"elementor-widget-container\">\n\t\t\t\t\t\t\t\t\t<p>Meill\u00e4 IT-velhoissa on mukana tieto- ja viestint\u00e4tekniikan perustutkinnon opiskelijoita.\u00a0<\/p><p>Alla on kerrottu lis\u00e4\u00e4 tutkinnoista.<\/p><p>Koulutuspaikkoina toimivat Esedun toimipisteet:<\/p><p>Otavankatu 4, 50100 Mikkeli ja<\/p><p>Pappilantie 9, 76130 Pieks\u00e4m\u00e4ki.<\/p><p>Koulutuksia on my\u00f6s mahdollista suorittaa kokonaan verkossa.<\/p>\t\t\t\t\t\t\t\t<\/div>\n\t\t\t\t<\/div>\n\t\t\t\t<\/div>\n\t\t\t\t\t<\/div>\n\t\t\t\t<\/div>\n\t\t<div class=\"elementor-element elementor-element-0d73a31 e-flex e-con-boxed wpr-particle-no wpr-jarallax-no wpr-parallax-no wpr-sticky-section-no e-con e-parent\" data-id=\"0d73a31\" data-element_type=\"container\" data-e-type=\"container\">\n\t\t\t\t\t<div class=\"e-con-inner\">\n\t\t\t\t<div class=\"elementor-element elementor-element-e29f5c9 elementor-invisible elementor-widget elementor-widget-text-editor\" data-id=\"e29f5c9\" data-element_type=\"widget\" data-e-type=\"widget\" data-settings=\"{&quot;_animation&quot;:&quot;slideInLeft&quot;}\" data-widget_type=\"text-editor.default\">\n\t\t\t\t<div class=\"elementor-widget-container\">\n\t\t\t\t\t\t\t\t\t<p>Ohjelmistokehitt\u00e4j\u00e4<\/p>\t\t\t\t\t\t\t\t<\/div>\n\t\t\t\t<\/div>\n\t\t\t\t<div class=\"elementor-element elementor-element-1e4e428 elementor-widget elementor-widget-text-editor\" data-id=\"1e4e428\" data-element_type=\"widget\" data-e-type=\"widget\" data-widget_type=\"text-editor.default\">\n\t\t\t\t<div class=\"elementor-widget-container\">\n\t\t\t\t\t\t\t\t\t<p>\u00a0<\/p><p><br \/>Tutkinnon suorittaneena ohjelmistokehitt\u00e4j\u00e4n\u00e4 osaat ohjelmoida, hy\u00f6dynt\u00e4\u00e4 rajapintoja, k\u00e4sitell\u00e4 tietoa sek\u00e4 k\u00e4ytt\u00e4\u00e4 versionhallintaa. Ohjelmistokehitystiimin j\u00e4senen\u00e4 toimiessasi osaat kommunikoida asiakkaan kanssa, suunnittelet ohjelmiston toteutuksen ja varmistat toteutettavien toimintojen laadun.<\/p><p>Ohjelmistokehitt\u00e4j\u00e4n\u00e4 voit ty\u00f6skennell\u00e4 ohjelmistotaloissa, peli- ja tietojenk\u00e4sittelypalveluja tuottavissa yrityksiss\u00e4 sek\u00e4 tietotekniikkaa k\u00e4ytt\u00e4viss\u00e4 organisaatioissa.<\/p><p>Ty\u00f6teht\u00e4viisi voi kuulua mm. erilaisten peli-, web- ja tietokantaohjelmistojen ohjelmointia sek\u00e4 dokumentointia.<\/p><p>Koulutus on tarkoitettu sinulle, jota kiinnostaa alan monipuoliset ty\u00f6teht\u00e4v\u00e4t. Sinulla voi olla jo aikaisemmin hankittua alan\u00a0ty\u00f6kokemusta.<\/p>\t\t\t\t\t\t\t\t<\/div>\n\t\t\t\t<\/div>\n\t\t<div class=\"elementor-element elementor-element-6551fa4 e-con-full e-flex wpr-particle-no wpr-jarallax-no wpr-parallax-no wpr-sticky-section-no e-con e-child\" data-id=\"6551fa4\" data-element_type=\"container\" data-e-type=\"container\">\n\t\t\t\t<div class=\"elementor-element elementor-element-3c7f263 elementor-widget elementor-widget-text-editor\" data-id=\"3c7f263\" data-element_type=\"widget\" data-e-type=\"widget\" data-widget_type=\"text-editor.default\">\n\t\t\t\t<div class=\"elementor-widget-container\">\n\t\t\t\t\t\t\t\t\t<p><a href=\"https:\/\/esedu.fi\/koulutustarjonta\/ohjelmistokehittaja\/\" target=\"_blank\" rel=\"noopener\">Ohjelmistokehitt\u00e4j\u00e4 (l\u00e4hiopetus)<\/a><\/p>\t\t\t\t\t\t\t\t<\/div>\n\t\t\t\t<\/div>\n\t\t\t\t<\/div>\n\t\t\t\t\t<\/div>\n\t\t\t\t<\/div>\n\t\t<div class=\"elementor-element elementor-element-8d1173a e-grid e-con-boxed wpr-particle-no wpr-jarallax-no wpr-parallax-no wpr-sticky-section-no e-con e-parent\" data-id=\"8d1173a\" data-element_type=\"container\" data-e-type=\"container\">\n\t\t\t\t\t<div class=\"e-con-inner\">\n\t\t\t\t<div class=\"elementor-element elementor-element-1169303 elementor-widget elementor-widget-text-editor\" data-id=\"1169303\" data-element_type=\"widget\" data-e-type=\"widget\" data-widget_type=\"text-editor.default\">\n\t\t\t\t<div class=\"elementor-widget-container\">\n\t\t\t\t\t\t\t\t\t<p><a href=\"https:\/\/esedu.fi\/koulutustarjonta\/ohjelmistokehittaja-verkko-opintoina\/\" target=\"_blank\" rel=\"noopener\">Ohjelmistokehitt\u00e4j\u00e4 (verkko)<\/a><\/p>\t\t\t\t\t\t\t\t<\/div>\n\t\t\t\t<\/div>\n\t\t<div class=\"elementor-element elementor-element-1c36901 e-con-full e-flex wpr-particle-no wpr-jarallax-no wpr-parallax-no wpr-sticky-section-no e-con e-child\" data-id=\"1c36901\" data-element_type=\"container\" data-e-type=\"container\">\n\t\t\t\t<div class=\"elementor-element elementor-element-c4c54f7 elementor-invisible elementor-widget elementor-widget-text-editor\" data-id=\"c4c54f7\" data-element_type=\"widget\" data-e-type=\"widget\" data-settings=\"{&quot;_animation&quot;:&quot;slideInLeft&quot;}\" data-widget_type=\"text-editor.default\">\n\t\t\t\t<div class=\"elementor-widget-container\">\n\t\t\t\t\t\t\t\t\t<p>IT-Tukihenkil\u00f6<\/p>\t\t\t\t\t\t\t\t<\/div>\n\t\t\t\t<\/div>\n\t\t\t\t<\/div>\n\t\t\t\t\t<\/div>\n\t\t\t\t<\/div>\n\t\t<div class=\"elementor-element elementor-element-64a4f8a e-flex e-con-boxed wpr-particle-no wpr-jarallax-no wpr-parallax-no wpr-sticky-section-no e-con e-parent\" data-id=\"64a4f8a\" data-element_type=\"container\" data-e-type=\"container\">\n\t\t\t\t\t<div class=\"e-con-inner\">\n\t\t\t\t<div class=\"elementor-element elementor-element-108e97d elementor-widget elementor-widget-text-editor\" data-id=\"108e97d\" data-element_type=\"widget\" data-e-type=\"widget\" data-widget_type=\"text-editor.default\">\n\t\t\t\t<div class=\"elementor-widget-container\">\n\t\t\t\t\t\t\t\t\t<p>Tutkinnon suorittaneena IT-tukihenkil\u00f6n\u00e4 annat tietoteknist\u00e4 apua tietokoneiden tai IT-palveluiden k\u00e4ytt\u00e4jille sek\u00e4 hoidat ja yll\u00e4pid\u00e4t muita ty\u00f6alueesi tietoteknisi\u00e4 laitteita.<\/p><p>Ty\u00f6teht\u00e4viisi kuuluu ennen kaikkea asiakaspalveluteht\u00e4v\u00e4t, joihin kuuluu mm. ongelmanratkaisu ja k\u00e4ytt\u00e4jien opastaminen vikatilanteissa. Teht\u00e4viin kuuluu tyypillisesti laitteiston huoltoa ja yll\u00e4pitoa, verkkojen hallinta sek\u00e4 ohjelmistojen k\u00e4ytt\u00f6tukea. Voit toimia sek\u00e4 et\u00e4- ett\u00e4 l\u00e4hitukena.<\/p><p>IT-tukihenkil\u00f6n\u00e4 opit hallitsemaan laitteistoja, ohjelmistoja, l\u00e4hiverkkoja ja palvelimia. Opinnoissa syvennyt\u00e4\u00e4n tietoverkkoihin, virtualisointiin, pilvipalveluihin ja tietoturvaan.<\/p><p>T\u00e4m\u00e4n alan t\u00e4rkeit\u00e4 kulmakivi\u00e4 ovat kiinnostus jatkuvasti kehittyv\u00e4\u00e4 alaa kohtaan ja hyv\u00e4t asiakas-, vuorovaikutus- ja ongelmanratkaisutaidot. Olet tiimity\u00f6l\u00e4inen, jolle muuttuvat tilanteet ovat arkip\u00e4iv\u00e4\u00e4.<\/p><p>\u00a0<\/p>\t\t\t\t\t\t\t\t<\/div>\n\t\t\t\t<\/div>\n\t\t\t\t<div class=\"elementor-element elementor-element-cdda07d elementor-widget elementor-widget-text-editor\" data-id=\"cdda07d\" data-element_type=\"widget\" data-e-type=\"widget\" data-widget_type=\"text-editor.default\">\n\t\t\t\t<div class=\"elementor-widget-container\">\n\t\t\t\t\t\t\t\t\t<p><a href=\"https:\/\/esedu.fi\/koulutustarjonta\/it-tukihenkilo\/\" target=\"_blank\" rel=\"noopener\">IT-Tukihenkil\u00f6 (l\u00e4hiopetus)<\/a><\/p>\t\t\t\t\t\t\t\t<\/div>\n\t\t\t\t<\/div>\n\t\t\t\t<div class=\"elementor-element elementor-element-121b8f3 elementor-widget elementor-widget-text-editor\" data-id=\"121b8f3\" data-element_type=\"widget\" data-e-type=\"widget\" data-widget_type=\"text-editor.default\">\n\t\t\t\t<div class=\"elementor-widget-container\">\n\t\t\t\t\t\t\t\t\t<p><a href=\"https:\/\/esedu.fi\/koulutustarjonta\/it-tukihenkilo-verkko-opintoina\/\" target=\"_blank\" rel=\"noopener\">IT-Tukihenkil\u00f6 (verkko)<\/a><\/p>\t\t\t\t\t\t\t\t<\/div>\n\t\t\t\t<\/div>\n\t\t\t\t\t<\/div>\n\t\t\t\t<\/div>\n\t\t<div class=\"elementor-element elementor-element-2b2ac09 e-flex e-con-boxed wpr-particle-no wpr-jarallax-no wpr-parallax-no wpr-sticky-section-no e-con e-parent\" data-id=\"2b2ac09\" data-element_type=\"container\" data-e-type=\"container\">\n\t\t\t\t\t<div class=\"e-con-inner\">\n\t\t<div class=\"elementor-element elementor-element-9379c6c e-con-full e-flex wpr-particle-no wpr-jarallax-no wpr-parallax-no wpr-sticky-section-no e-con e-child\" data-id=\"9379c6c\" data-element_type=\"container\" data-e-type=\"container\">\n\t\t\t\t<div class=\"elementor-element elementor-element-672d93e elementor-invisible elementor-widget elementor-widget-text-editor\" data-id=\"672d93e\" data-element_type=\"widget\" data-e-type=\"widget\" data-settings=\"{&quot;_animation&quot;:&quot;slideInLeft&quot;}\" data-widget_type=\"text-editor.default\">\n\t\t\t\t<div class=\"elementor-widget-container\">\n\t\t\t\t\t\t\t\t\t<p class=\"elementor-heading-title elementor-size-default\">Tietoverkkoasentaja<\/p>\t\t\t\t\t\t\t\t<\/div>\n\t\t\t\t<\/div>\n\t\t\t\t<\/div>\n\t\t\t\t<div class=\"elementor-element elementor-element-62f6bba elementor-widget elementor-widget-text-editor\" data-id=\"62f6bba\" data-element_type=\"widget\" data-e-type=\"widget\" data-widget_type=\"text-editor.default\">\n\t\t\t\t<div class=\"elementor-widget-container\">\n\t\t\t\t\t\t\t\t\t<div class=\"elementor-element elementor-element-36768f6 elementor-widget elementor-widget-heading animated fadeInUp\" data-id=\"36768f6\" data-element_type=\"widget\" data-settings=\"{&quot;_animation&quot;:&quot;fadeInUp&quot;}\" data-widget_type=\"heading.default\"><div class=\"elementor-widget-container\">\u00a0<\/div><\/div><div class=\"elementor-element elementor-element-7982f0e elementor-align-center elementor-widget elementor-widget-button animated fadeInUp\" data-id=\"7982f0e\" data-element_type=\"widget\" data-settings=\"{&quot;_animation&quot;:&quot;fadeInUp&quot;,&quot;_animation_delay&quot;:500}\" data-widget_type=\"button.default\"><div class=\"elementor-widget-container\"><div class=\"elementor-button-wrapper\"><p>Tietoverkkoasentajana osaat tehd\u00e4 tietoverkkokaapeloinnit asiakkaan vaatimusten ja ohjeiden mukaisesti. Huomioit ty\u00f6ss\u00e4si tietoliikenneverkkojen rakenteet ja k\u00e4ytetyt materiaalit sek\u00e4 osaat tehd\u00e4 tarvittavia mittauksia ja testauksia j\u00e4rjestelm\u00e4n toimivuuden varmistamiseksi.<\/p><p>Tietoverkkoasentajana voit ty\u00f6skennell\u00e4 tietoliikenneverkkojen, tietoliikennelaitteiden ja -j\u00e4rjestelmien asennus- ja kunnossapitoteht\u00e4viss\u00e4 alan yrityksiss\u00e4.<\/p><p>Ty\u00f6teht\u00e4v\u00e4t voivat olla l\u00e4hiverkkojen, internetin ja laajakaistan lis\u00e4ksi my\u00f6s keskusj\u00e4rjestelmien, palvelin-, kulunvalvonta- ja turvalaitteiden sek\u00e4 kaapelitelevisio- ja antennij\u00e4rjestelmien asennusteht\u00e4vi\u00e4.<\/p><p>Koulutus on tarkoitettu sinulle, jota kiinnostaa alan monipuoliset ty\u00f6teht\u00e4v\u00e4t. Sinulla voi olla jo aikaisemmin hankittua alan\u00a0ty\u00f6kokemusta.<\/p><\/div><\/div><\/div>\t\t\t\t\t\t\t\t<\/div>\n\t\t\t\t<\/div>\n\t\t<div class=\"elementor-element elementor-element-5c8beb8 e-con-full e-flex wpr-particle-no wpr-jarallax-no wpr-parallax-no wpr-sticky-section-no e-con e-child\" data-id=\"5c8beb8\" data-element_type=\"container\" data-e-type=\"container\">\n\t\t\t\t<div class=\"elementor-element elementor-element-acbdb84 elementor-widget elementor-widget-text-editor\" data-id=\"acbdb84\" data-element_type=\"widget\" data-e-type=\"widget\" data-widget_type=\"text-editor.default\">\n\t\t\t\t<div class=\"elementor-widget-container\">\n\t\t\t\t\t\t\t\t\t<p><a href=\"https:\/\/esedu.fi\/koulutustarjonta\/tietoverkkoasentaja\/\" target=\"_blank\" rel=\"noopener\">Tietoverkkoasentaja<\/a><\/p>\t\t\t\t\t\t\t\t<\/div>\n\t\t\t\t<\/div>\n\t\t\t\t<\/div>\n\t\t\t\t\t<\/div>\n\t\t\t\t<\/div>\n\t\t\t\t<\/div>\n\t\t","protected":false},"excerpt":{"rendered":"<p>TVT-PERUSTUTKINTO Meill\u00e4 IT-velhoissa on mukana tieto- ja viestint\u00e4tekniikan perustutkinnon opiskelijoita.\u00a0 Alla on kerrottu lis\u00e4\u00e4 tutkinnoista. Koulutuspaikkoina toimivat Esedun toimipisteet: Otavankatu 4, 50100 Mikkeli ja Pappilantie 9, 76130 Pieks\u00e4m\u00e4ki. Koulutuksia on my\u00f6s mahdollista suorittaa kokonaan verkossa. Ohjelmistokehitt\u00e4j\u00e4 \u00a0 Tutkinnon suorittaneena ohjelmistokehitt\u00e4j\u00e4n\u00e4 osaat ohjelmoida, hy\u00f6dynt\u00e4\u00e4 rajapintoja, k\u00e4sitell\u00e4 tietoa sek\u00e4 k\u00e4ytt\u00e4\u00e4 versionhallintaa. Ohjelmistokehitystiimin j\u00e4senen\u00e4 toimiessasi osaat kommunikoida asiakkaan kanssa, suunnittelet ohjelmiston toteutuksen ja varmistat toteutettavien toimintojen laadun. Ohjelmistokehitt\u00e4j\u00e4n\u00e4 voit ty\u00f6skennell\u00e4 ohjelmistotaloissa, peli- ja tietojenk\u00e4sittelypalveluja tuottavissa yrityksiss\u00e4 sek\u00e4 tietotekniikkaa k\u00e4ytt\u00e4viss\u00e4 organisaatioissa. Ty\u00f6teht\u00e4viisi voi kuulua mm. erilaisten peli-, web- ja tietokantaohjelmistojen ohjelmointia sek\u00e4 dokumentointia. Koulutus on tarkoitettu sinulle, jota kiinnostaa alan monipuoliset ty\u00f6teht\u00e4v\u00e4t. Sinulla voi olla jo aikaisemmin hankittua alan\u00a0ty\u00f6kokemusta. Ohjelmistokehitt\u00e4j\u00e4 (l\u00e4hiopetus) Ohjelmistokehitt\u00e4j\u00e4 (verkko) IT-Tukihenkil\u00f6 Tutkinnon suorittaneena IT-tukihenkil\u00f6n\u00e4 annat tietoteknist\u00e4 apua tietokoneiden tai IT-palveluiden k\u00e4ytt\u00e4jille sek\u00e4 hoidat ja yll\u00e4pid\u00e4t muita ty\u00f6alueesi tietoteknisi\u00e4 laitteita. Ty\u00f6teht\u00e4viisi kuuluu ennen kaikkea asiakaspalveluteht\u00e4v\u00e4t, joihin kuuluu mm. ongelmanratkaisu ja k\u00e4ytt\u00e4jien opastaminen vikatilanteissa. Teht\u00e4viin kuuluu tyypillisesti laitteiston huoltoa ja yll\u00e4pitoa, verkkojen hallinta sek\u00e4 ohjelmistojen k\u00e4ytt\u00f6tukea. Voit toimia sek\u00e4 et\u00e4- ett\u00e4 l\u00e4hitukena. IT-tukihenkil\u00f6n\u00e4 opit hallitsemaan laitteistoja, ohjelmistoja, l\u00e4hiverkkoja ja palvelimia. Opinnoissa syvennyt\u00e4\u00e4n tietoverkkoihin, virtualisointiin, pilvipalveluihin ja tietoturvaan. T\u00e4m\u00e4n alan t\u00e4rkeit\u00e4 kulmakivi\u00e4 ovat kiinnostus jatkuvasti kehittyv\u00e4\u00e4 alaa kohtaan ja hyv\u00e4t asiakas-, vuorovaikutus- ja ongelmanratkaisutaidot. Olet tiimity\u00f6l\u00e4inen, jolle muuttuvat tilanteet ovat arkip\u00e4iv\u00e4\u00e4. \u00a0 IT-Tukihenkil\u00f6 (l\u00e4hiopetus) IT-Tukihenkil\u00f6 (verkko) Tietoverkkoasentaja \u00a0 Tietoverkkoasentajana osaat tehd\u00e4 tietoverkkokaapeloinnit asiakkaan vaatimusten ja ohjeiden mukaisesti. Huomioit ty\u00f6ss\u00e4si tietoliikenneverkkojen rakenteet ja k\u00e4ytetyt materiaalit sek\u00e4 osaat tehd\u00e4 tarvittavia mittauksia ja testauksia j\u00e4rjestelm\u00e4n toimivuuden varmistamiseksi. Tietoverkkoasentajana voit ty\u00f6skennell\u00e4 tietoliikenneverkkojen, tietoliikennelaitteiden ja -j\u00e4rjestelmien asennus- ja kunnossapitoteht\u00e4viss\u00e4 alan yrityksiss\u00e4. Ty\u00f6teht\u00e4v\u00e4t voivat olla l\u00e4hiverkkojen, internetin ja laajakaistan lis\u00e4ksi my\u00f6s keskusj\u00e4rjestelmien, palvelin-, kulunvalvonta- ja turvalaitteiden sek\u00e4 kaapelitelevisio- ja antennij\u00e4rjestelmien asennusteht\u00e4vi\u00e4. Koulutus on tarkoitettu sinulle, jota kiinnostaa alan monipuoliset ty\u00f6teht\u00e4v\u00e4t. Sinulla voi olla jo aikaisemmin hankittua alan\u00a0ty\u00f6kokemusta. Tietoverkkoasentaja<\/p>\n","protected":false},"author":9,"featured_media":0,"parent":0,"menu_order":0,"comment_status":"closed","ping_status":"closed","template":"elementor_canvas","meta":{"footnotes":""},"class_list":["post-4117","page","type-page","status-publish","hentry"],"_links":{"self":[{"href":"https:\/\/it.esedu.fi\/home\/wp-json\/wp\/v2\/pages\/4117","targetHints":{"allow":["GET"]}}],"collection":[{"href":"https:\/\/it.esedu.fi\/home\/wp-json\/wp\/v2\/pages"}],"about":[{"href":"https:\/\/it.esedu.fi\/home\/wp-json\/wp\/v2\/types\/page"}],"author":[{"embeddable":true,"href":"https:\/\/it.esedu.fi\/home\/wp-json\/wp\/v2\/users\/9"}],"replies":[{"embeddable":true,"href":"https:\/\/it.esedu.fi\/home\/wp-json\/wp\/v2\/comments?post=4117"}],"version-history":[{"count":55,"href":"https:\/\/it.esedu.fi\/home\/wp-json\/wp\/v2\/pages\/4117\/revisions"}],"predecessor-version":[{"id":4751,"href":"https:\/\/it.esedu.fi\/home\/wp-json\/wp\/v2\/pages\/4117\/revisions\/4751"}],"wp:attachment":[{"href":"https:\/\/it.esedu.fi\/home\/wp-json\/wp\/v2\/media?parent=4117"}],"curies":[{"name":"wp","href":"https:\/\/api.w.org\/{rel}","templated":true}]}}